{"id":189,"date":"2015-05-23T22:45:26","date_gmt":"2015-05-23T22:45:26","guid":{"rendered":"http:\/\/www.beckenham.school.nz\/wordpress\/?page_id=189"},"modified":"2026-03-13T10:55:04","modified_gmt":"2026-03-12T22:55:04","slug":"vacancies","status":"publish","type":"page","link":"https:\/\/www.beckenham.school.nz\/index.php\/people\/vacancies","title":{"rendered":"Vacancies"},"content":{"rendered":"<h2>Vacant Positions<\/h2>\n<p><strong>Year 3\/4 Teaching Position<\/strong><\/p>\n<p><span style=\"font-weight: 400;\">Full time, Fixed term, <span style=\"text-decoration: underline;\">Start Date:<\/span> 15\/06\/2026, <span style=\"text-decoration: underline;\">End Date:<\/span> 16\/12\/2026 (Maternity Leave)<\/span><\/p>\n<p><span style=\"font-weight: 400;\">Beckenham Te Kura o P\u016broto is a full primary school located in the south-west of Christchurch. Our kura was gifted the name P\u016broto by Ng\u0101i Tahu, reflecting the significance of the ponds and waterways that surround us.<\/span><\/p>\n<p><span style=\"font-weight: 400;\">Whakarite ng\u0101 kete m\u014d te haerenga! &#8211; Our vision promotes the hauora and growth of all tamariki, encouraging and equipping them to fill their kete for the journey ahead.<\/span><\/p>\n<p><span style=\"font-weight: 400;\">We are seeking teachers who are not only highly competent but also possess a big heart. At the core of everything we do is a focus on building strong relationships with learners, colleagues, and wh\u0101nau, as well as using effective pedagogies to foster meaningful learning.<\/span><\/p>\n<p><span style=\"font-weight: 400;\">The terms and conditions, including base salary, for this position is set by the relevant <\/span><a href=\"https:\/\/www.education.govt.nz\/education-professionals\/schools-year-0-13\/people-and-employment\"><span style=\"font-weight: 400;\">collective agreement<\/span><\/a><span style=\"font-weight: 400;\">.<\/span><\/p>\n<p><span style=\"font-weight: 400;\">The position will commence 15\/06\/2026.<\/span><\/p>\n<p><a href=\"https:\/\/www.beckenham.school.nz\/home\/wp-content\/uploads\/2026\/03\/Year-3_4-Teacher-Application-Package-2026.pdf\" target=\"_blank\" rel=\"noopener\">2026 Teacher Application Package (Fixed Term)<\/a><\/p>\n<p><a href=\"https:\/\/www.beckenham.school.nz\/home\/wp-content\/uploads\/2026\/03\/Application-Form-and-Summary-Declaration-Yr-3_4-Teacher-2026.pdf\" target=\"_blank\" rel=\"noopener\">Application Form &amp; Summary Declaration<\/a><\/p>\n<p><strong>Please email your CV, completed application form and letter of application to:<\/strong><\/p>\n<p><span style=\"font-weight: 400;\">Chloe Miller, Leadership PA<\/span><\/p>\n<p><span style=\"font-weight: 400;\">appointments@beckenham.school.nz<\/span><\/p>\n<p><span style=\"font-weight: 400;\">Applications close at 9am on <strong>Friday 27 March 2026<\/strong>.<\/span><\/p>\n<h2>_____________________________________________________________<\/h2>\n<p><strong>Gardening &amp; Maintenance Role<\/strong><\/p>\n<p>We are seeking someone to join our amazing team in a gardening and maintenance role.<\/p>\n<p>This position is fixed term for Term 2 2026, on a trial basis, with potential to become permanent, school term time only.<\/p>\n<p>The hours are 7:30 am &#8211; 4:00 pm (with some flexibility needed), to be worked one day a week on a Wednesday, beginning Term 2, Wednesday 22nd April, 2026.<\/p>\n<p>The role description is to be negotiated based on the skills of the applicant.<\/p>\n<p><a href=\"https:\/\/www.beckenham.school.nz\/home\/wp-content\/uploads\/2026\/03\/2026-Gardening-Maintenance-1-day-per-week-Application-Package-Summary-Declaration-Form.pdf\" target=\"_blank\" rel=\"noopener\">Application Form &amp;\u00a0 Summary Declaration<\/a><\/p>\n<p><strong>Please email your CV, completed application form and letter of application to:<\/strong><\/p>\n<p><span style=\"font-weight: 400;\">Chloe Miller, Leadership PA<\/span><\/p>\n<p><span style=\"font-weight: 400;\">appointments@beckenham.school.nz<\/span><\/p>\n<p>Applications close at 4pm <strong>Friday 20 March 2026<\/strong>.<\/p>\n<h2>_____________________________________________________________<\/h2>\n<h2><strong>Relieving Opportunities\u00a0<\/strong><\/h2>\n<p>We are always looking for quality relievers to add to our preferred relievers list.<\/p>\n<p>If you would like to relieve at Beckenham Te Kura o P\u016broto, please register with &#8216;<strong><a href=\"https:\/\/staffsync.nz\/\">StaffSync<\/a>&#8216;<\/strong> and request to be a preferred reliever at our kura (school).<\/p>\n<p>Please also bring the following documents into the Office to be sighted and scanned, as per Ministry of Education requirements:<\/p>\n<ul>\n<li>2x ID (license, passport, power bill, etc.)<\/li>\n<li>The digital .pdf file of your current teaching practicing certificate.<\/li>\n<li>A .pdf copy of your restraint certificate<\/li>\n<\/ul>\n<p>We also require a minimum of 2 professional referees, with both phone and email contact details. These can be uploaded to your StaffSync profile.<\/p>\n<p>If you have any p\u0101tai (questions) about our school, values, or the process. Or, if you wish to make an appointment outside of school hours to bring in your documents, you can do so by emailing &#8211; <strong>appointments@beckenham.school.nz<\/strong><\/p>\n","protected":false},"excerpt":{"rendered":"<p>Vacant Positions Year 3\/4 Teaching Position Full time, Fixed term, Start Date: 15\/06\/2026, End Date: 16\/12\/2026 (Maternity Leave) Beckenham Te Kura o P\u016broto is a full primary school located in the south-west of Christchurch. Our kura was gifted the name P\u016broto by Ng\u0101i Tahu, reflecting the significance of the ponds and waterways that surround us. [&hellip;]<\/p>\n","protected":false},"author":1,"featured_media":0,"parent":1147,"menu_order":6,"comment_status":"closed","ping_status":"closed","template":"templates\/template-full.php","meta":{"footnotes":""},"class_list":["post-189","page","type-page","status-publish","hentry","post"],"_links":{"self":[{"href":"https:\/\/www.beckenham.school.nz\/index.php\/wp-json\/wp\/v2\/pages\/189","targetHints":{"allow":["GET"]}}],"collection":[{"href":"https:\/\/www.beckenham.school.nz\/index.php\/wp-json\/wp\/v2\/pages"}],"about":[{"href":"https:\/\/www.beckenham.school.nz\/index.php\/wp-json\/wp\/v2\/types\/page"}],"author":[{"embeddable":true,"href":"https:\/\/www.beckenham.school.nz\/index.php\/wp-json\/wp\/v2\/users\/1"}],"replies":[{"embeddable":true,"href":"https:\/\/www.beckenham.school.nz\/index.php\/wp-json\/wp\/v2\/comments?post=189"}],"version-history":[{"count":130,"href":"https:\/\/www.beckenham.school.nz\/index.php\/wp-json\/wp\/v2\/pages\/189\/revisions"}],"predecessor-version":[{"id":14556,"href":"https:\/\/www.beckenham.school.nz\/index.php\/wp-json\/wp\/v2\/pages\/189\/revisions\/14556"}],"up":[{"embeddable":true,"href":"https:\/\/www.beckenham.school.nz\/index.php\/wp-json\/wp\/v2\/pages\/1147"}],"wp:attachment":[{"href":"https:\/\/www.beckenham.school.nz\/index.php\/wp-json\/wp\/v2\/media?parent=189"}],"curies":[{"name":"wp","href":"https:\/\/api.w.org\/{rel}","templated":true}]}}