{"id":155,"date":"2015-05-23T22:31:03","date_gmt":"2015-05-23T10:31:03","guid":{"rendered":"http:\/\/www.beckenham.school.nz\/wordpress\/?page_id=155"},"modified":"2021-11-29T12:10:34","modified_gmt":"2021-11-29T00:10:34","slug":"kapa-haka","status":"publish","type":"page","link":"https:\/\/www.beckenham.school.nz\/index.php\/information\/opportunities\/kapa-haka","title":{"rendered":"Kapa Haka and Te Wh\u0101nau Mahi Tahi"},"content":{"rendered":"<p>Kapa haka is the term for M\u0101ori performing arts and is a popular activity at Beckenham Te Kura o P\u016broto. Students in kapa haka and the advanced kapa haka group, Te Wh\u0101nau Mahi Tahi, are involved in a variety of performances throughout the year. These students receive specialised tuition each week from our kaiako te reo M\u0101ori.\u00a0There are a variety of kapa haka groups targeting\u00a0different ages and abilities across\u00a0the school.<\/p>\n<p>Each year our kapa haka groups perform at the Cultural Festival in Christchurch. Here&#8217;s a selection of some of these performances.<\/p>\n<p style=\"text-align: center;\"><iframe loading=\"lazy\" src=\"\/\/www.youtube.com\/embed\/bASbEnTpM0Q\" width=\"560\" height=\"314\" allowfullscreen=\"allowfullscreen\"><\/iframe><\/p>\n<p style=\"text-align: center;\"><iframe loading=\"lazy\" src=\"\/\/www.youtube.com\/embed\/dPgu_F0pheQ\" width=\"560\" height=\"314\" allowfullscreen=\"allowfullscreen\"><\/iframe><\/p>\n<p style=\"text-align: center;\"><iframe loading=\"lazy\" src=\"https:\/\/www.youtube.com\/embed\/KLgSN84AmMk\" width=\"560\" height=\"315\" frameborder=\"0\" allowfullscreen=\"allowfullscreen\"><\/iframe><\/p>\n","protected":false},"excerpt":{"rendered":"<p>Kapa haka is the term for M\u0101ori performing arts and is a popular activity at Beckenham Te Kura o P\u016broto. Students in kapa haka and the advanced kapa haka group, Te Wh\u0101nau Mahi Tahi, are involved in a variety of performances throughout the year. These students receive specialised tuition each week from our kaiako te [&hellip;]<\/p>\n","protected":false},"author":1,"featured_media":0,"parent":6040,"menu_order":0,"comment_status":"closed","ping_status":"closed","template":"templates\/template-full.php","meta":{"footnotes":""},"class_list":["post-155","page","type-page","status-publish","hentry","post"],"_links":{"self":[{"href":"https:\/\/www.beckenham.school.nz\/index.php\/wp-json\/wp\/v2\/pages\/155","targetHints":{"allow":["GET"]}}],"collection":[{"href":"https:\/\/www.beckenham.school.nz\/index.php\/wp-json\/wp\/v2\/pages"}],"about":[{"href":"https:\/\/www.beckenham.school.nz\/index.php\/wp-json\/wp\/v2\/types\/page"}],"author":[{"embeddable":true,"href":"https:\/\/www.beckenham.school.nz\/index.php\/wp-json\/wp\/v2\/users\/1"}],"replies":[{"embeddable":true,"href":"https:\/\/www.beckenham.school.nz\/index.php\/wp-json\/wp\/v2\/comments?post=155"}],"version-history":[{"count":16,"href":"https:\/\/www.beckenham.school.nz\/index.php\/wp-json\/wp\/v2\/pages\/155\/revisions"}],"predecessor-version":[{"id":11223,"href":"https:\/\/www.beckenham.school.nz\/index.php\/wp-json\/wp\/v2\/pages\/155\/revisions\/11223"}],"up":[{"embeddable":true,"href":"https:\/\/www.beckenham.school.nz\/index.php\/wp-json\/wp\/v2\/pages\/6040"}],"wp:attachment":[{"href":"https:\/\/www.beckenham.school.nz\/index.php\/wp-json\/wp\/v2\/media?parent=155"}],"curies":[{"name":"wp","href":"https:\/\/api.w.org\/{rel}","templated":true}]}}